{"id":482,"date":"2019-01-14T13:14:52","date_gmt":"2019-01-14T13:14:52","guid":{"rendered":"https:\/\/bodegacarricondo.com.ar\/sitio\/?page_id=482"},"modified":"2019-01-14T13:29:59","modified_gmt":"2019-01-14T13:29:59","slug":"poncho-argentino-tinto-x-1l","status":"publish","type":"page","link":"https:\/\/bodegacarricondo.com.ar\/sitio\/poncho-argentino-tinto-x-1l\/","title":{"rendered":"PONCHO ARGENTINO | TINTO X 1L"},"content":{"rendered":"\t\t<div data-elementor-type=\"wp-post\" data-elementor-id=\"482\" class=\"elementor elementor-482 elementor-bc-flex-widget\" data-elementor-post-type=\"page\">\n\t\t\t\t\t\t<section class=\"elementor-section elementor-top-section elementor-element elementor-element-286cda52 elementor-section-full_width elementor-section-height-default elementor-section-height-default\" data-id=\"286cda52\" data-element_type=\"section\" data-e-type=\"section\">\n\t\t\t\t\t\t<div class=\"elementor-container elementor-column-gap-default\">\n\t\t\t\t\t<div class=\"elementor-column elementor-col-100 elementor-top-column elementor-element elementor-element-32d9cef\" data-id=\"32d9cef\" data-element_type=\"column\" data-e-type=\"column\">\n\t\t\t<div class=\"elementor-widget-wrap elementor-element-populated\">\n\t\t\t\t\t\t<div class=\"elementor-element elementor-element-d7781b0 elementor-widget elementor-widget-image\" data-id=\"d7781b0\" data-element_type=\"widget\" data-e-type=\"widget\" data-widget_type=\"image.default\">\n\t\t\t\t<div class=\"elementor-widget-container\">\n\t\t\t\t\t\t\t\t\t\t\t\t\t\t\t<img decoding=\"async\" src=\"https:\/\/bodegacarricondo.com.ar\/sitio\/wp-content\/uploads\/2018\/10\/portada-web-1.jpg\" title=\"portada-web (1)\" alt=\"portada-web (1)\" loading=\"lazy\" \/>\t\t\t\t\t\t\t\t\t\t\t\t\t\t\t<\/div>\n\t\t\t\t<\/div>\n\t\t\t\t\t<\/div>\n\t\t<\/div>\n\t\t\t\t\t<\/div>\n\t\t<\/section>\n\t\t\t\t<section class=\"elementor-section elementor-top-section elementor-element elementor-element-5c158fc1 elementor-section-boxed elementor-section-height-default elementor-section-height-default\" data-id=\"5c158fc1\" data-element_type=\"section\" data-e-type=\"section\">\n\t\t\t\t\t\t<div class=\"elementor-container elementor-column-gap-default\">\n\t\t\t\t\t<div class=\"elementor-column elementor-col-100 elementor-top-column elementor-element elementor-element-53d81b21\" data-id=\"53d81b21\" data-element_type=\"column\" data-e-type=\"column\">\n\t\t\t<div class=\"elementor-widget-wrap elementor-element-populated\">\n\t\t\t\t\t\t<div class=\"elementor-element elementor-element-7588b175 elementor-widget elementor-widget-wp-widget-ocean_custom_menu\" data-id=\"7588b175\" data-element_type=\"widget\" data-e-type=\"widget\" data-widget_type=\"wp-widget-ocean_custom_menu.default\">\n\t\t\t\t<div class=\"elementor-widget-container\">\n\t\t\t\t\t<style type=\"text\/css\">.ocean_custom_menu-REPLACE_TO_ID > ul > li > a, .custom-menu-widget .ocean_custom_menu-REPLACE_TO_ID .dropdown-menu .sub-menu li a.menu-link{font-size:14px;text-transform:uppercase;}.custom-menu-widget .ocean_custom_menu-REPLACE_TO_ID.oceanwp-custom-menu > ul.click-menu .open-this{font-size:14px;}<\/style><div class=\"oceanwp-custom-menu clr ocean_custom_menu-REPLACE_TO_ID center dropdown-hover\"><ul id=\"menu-menu\" class=\"dropdown-menu sf-menu\"><li  id=\"menu-item-59\" class=\"menu-item menu-item-type-post_type menu-item-object-page menu-item-home menu-item-59\"><a href=\"https:\/\/bodegacarricondo.com.ar\/sitio\/\" class=\"menu-link\">Inicio<\/a><\/li>\n<li  id=\"menu-item-63\" class=\"menu-item menu-item-type-post_type menu-item-object-page menu-item-63\"><a href=\"https:\/\/bodegacarricondo.com.ar\/sitio\/nosotros\/\" class=\"menu-link\">Nosotros<\/a><\/li>\n<li  id=\"menu-item-64\" class=\"menu-item menu-item-type-post_type menu-item-object-page menu-item-64\"><a href=\"https:\/\/bodegacarricondo.com.ar\/sitio\/productos\/\" class=\"menu-link\">Productos<\/a><\/li>\n<li  id=\"menu-item-61\" class=\"menu-item menu-item-type-post_type menu-item-object-page menu-item-61\"><a href=\"https:\/\/bodegacarricondo.com.ar\/sitio\/el-vino\/\" class=\"menu-link\">El Vino<\/a><\/li>\n<li  id=\"menu-item-438\" class=\"menu-item menu-item-type-post_type menu-item-object-page menu-item-438\"><a href=\"https:\/\/bodegacarricondo.com.ar\/sitio\/multimedia\/\" class=\"menu-link\">MULTIMEDIA<\/a><\/li>\n<li  id=\"menu-item-60\" class=\"menu-item menu-item-type-post_type menu-item-object-page menu-item-60\"><a href=\"https:\/\/bodegacarricondo.com.ar\/sitio\/contacto\/\" class=\"menu-link\">Contacto<\/a><\/li>\n<\/ul><\/div>\t\t\t\t<\/div>\n\t\t\t\t<\/div>\n\t\t\t\t\t<\/div>\n\t\t<\/div>\n\t\t\t\t\t<\/div>\n\t\t<\/section>\n\t\t\t\t<section class=\"elementor-section elementor-top-section elementor-element elementor-element-6511ad2d elementor-section-boxed elementor-section-height-default elementor-section-height-default\" data-id=\"6511ad2d\" data-element_type=\"section\" data-e-type=\"section\" data-settings=\"{&quot;background_background&quot;:&quot;classic&quot;,&quot;shape_divider_bottom&quot;:&quot;curve&quot;,&quot;shape_divider_bottom_negative&quot;:&quot;yes&quot;}\">\n\t\t\t\t\t\t\t<div class=\"elementor-background-overlay\"><\/div>\n\t\t\t\t\t\t<div class=\"elementor-shape elementor-shape-bottom\" aria-hidden=\"true\" data-negative=\"true\">\n\t\t\t<svg xmlns=\"http:\/\/www.w3.org\/2000\/svg\" viewBox=\"0 0 1000 100\" preserveAspectRatio=\"none\">\n\t<path class=\"elementor-shape-fill\" d=\"M500,97C126.7,96.3,0.8,19.8,0,0v100l1000,0V1C1000,19.4,873.3,97.8,500,97z\"\/>\n<\/svg>\t\t<\/div>\n\t\t\t\t\t<div class=\"elementor-container elementor-column-gap-default\">\n\t\t\t\t\t<div class=\"elementor-column elementor-col-100 elementor-top-column elementor-element elementor-element-7c59d621\" data-id=\"7c59d621\" data-element_type=\"column\" data-e-type=\"column\">\n\t\t\t<div class=\"elementor-widget-wrap elementor-element-populated\">\n\t\t\t\t\t\t<div class=\"elementor-element elementor-element-39d8a4aa elementor-invisible elementor-widget elementor-widget-heading\" data-id=\"39d8a4aa\" data-element_type=\"widget\" data-e-type=\"widget\" data-settings=\"{&quot;_animation&quot;:&quot;fadeInDown&quot;}\" data-widget_type=\"heading.default\">\n\t\t\t\t<div class=\"elementor-widget-container\">\n\t\t\t\t\t<h2 class=\"elementor-heading-title elementor-size-default\">PONCHO ARGENTINO | TINTO X 1L\n<\/h2>\t\t\t\t<\/div>\n\t\t\t\t<\/div>\n\t\t\t\t<div class=\"elementor-element elementor-element-66aa32e elementor-widget-divider--view-line elementor-widget elementor-widget-divider\" data-id=\"66aa32e\" data-element_type=\"widget\" data-e-type=\"widget\" data-widget_type=\"divider.default\">\n\t\t\t\t<div class=\"elementor-widget-container\">\n\t\t\t\t\t\t\t<div class=\"elementor-divider\">\n\t\t\t<span class=\"elementor-divider-separator\">\n\t\t\t\t\t\t<\/span>\n\t\t<\/div>\n\t\t\t\t\t\t<\/div>\n\t\t\t\t<\/div>\n\t\t\t\t<section class=\"elementor-section elementor-inner-section elementor-element elementor-element-5bc0893b elementor-section-boxed elementor-section-height-default elementor-section-height-default\" data-id=\"5bc0893b\" data-element_type=\"section\" data-e-type=\"section\">\n\t\t\t\t\t\t<div class=\"elementor-container elementor-column-gap-default\">\n\t\t\t\t\t<div class=\"elementor-column elementor-col-33 elementor-inner-column elementor-element elementor-element-1a59693a\" data-id=\"1a59693a\" data-element_type=\"column\" data-e-type=\"column\">\n\t\t\t<div class=\"elementor-widget-wrap\">\n\t\t\t\t\t\t\t<\/div>\n\t\t<\/div>\n\t\t\t\t<div class=\"elementor-column elementor-col-33 elementor-inner-column elementor-element elementor-element-3b7eeaa6\" data-id=\"3b7eeaa6\" data-element_type=\"column\" data-e-type=\"column\">\n\t\t\t<div class=\"elementor-widget-wrap elementor-element-populated\">\n\t\t\t\t\t\t<div class=\"elementor-element elementor-element-3f66b7db elementor-invisible elementor-widget elementor-widget-text-editor\" data-id=\"3f66b7db\" data-element_type=\"widget\" data-e-type=\"widget\" data-settings=\"{&quot;_animation&quot;:&quot;fadeInRight&quot;}\" data-widget_type=\"text-editor.default\">\n\t\t\t\t<div class=\"elementor-widget-container\">\n\t\t\t\t\t\t\t\t\t<h2 style=\"text-align: center;\"><span style=\"color: #ffffff;\">FICHA T\u00c9CNICA\u00a0<\/span><\/h2>\t\t\t\t\t\t\t\t<\/div>\n\t\t\t\t<\/div>\n\t\t\t\t\t<\/div>\n\t\t<\/div>\n\t\t\t\t<div class=\"elementor-column elementor-col-33 elementor-inner-column elementor-element elementor-element-1fdf114d\" data-id=\"1fdf114d\" data-element_type=\"column\" data-e-type=\"column\">\n\t\t\t<div class=\"elementor-widget-wrap\">\n\t\t\t\t\t\t\t<\/div>\n\t\t<\/div>\n\t\t\t\t\t<\/div>\n\t\t<\/section>\n\t\t\t\t\t<\/div>\n\t\t<\/div>\n\t\t\t\t\t<\/div>\n\t\t<\/section>\n\t\t\t\t<section class=\"elementor-section elementor-top-section elementor-element elementor-element-f622423 elementor-section-boxed elementor-section-height-default elementor-section-height-default\" data-id=\"f622423\" data-element_type=\"section\" data-e-type=\"section\">\n\t\t\t\t\t\t<div class=\"elementor-container elementor-column-gap-default\">\n\t\t\t\t\t<div class=\"elementor-column elementor-col-33 elementor-top-column elementor-element elementor-element-729d270\" data-id=\"729d270\" data-element_type=\"column\" data-e-type=\"column\">\n\t\t\t<div class=\"elementor-widget-wrap\">\n\t\t\t\t\t\t\t<\/div>\n\t\t<\/div>\n\t\t\t\t<div class=\"elementor-column elementor-col-33 elementor-top-column elementor-element elementor-element-b461f89\" data-id=\"b461f89\" data-element_type=\"column\" data-e-type=\"column\">\n\t\t\t<div class=\"elementor-widget-wrap elementor-element-populated\">\n\t\t\t\t\t\t<div class=\"elementor-element elementor-element-a24c461 elementor-widget elementor-widget-text-editor\" data-id=\"a24c461\" data-element_type=\"widget\" data-e-type=\"widget\" data-widget_type=\"text-editor.default\">\n\t\t\t\t<div class=\"elementor-widget-container\">\n\t\t\t\t\t\t\t\t\t<p><strong>Procedencia de vi\u00f1edos del Valle Central, Mendoza, Argentina.<\/strong><\/p><p><strong>Cosecha<\/strong>: manual. Durante los meses de\u00a0\u00a0\u00a0 Marzo y Abril.<\/p><p><strong>M\u00e9todo de fermentaci\u00f3n:<\/strong> Cl\u00e1sico, con 20 d\u00edas de maceraci\u00f3n con el ollejo de la uva, a una temperatura de 24 C\u00ba<\/p><p><strong>Fermentaci\u00f3n malol\u00e1ctica:<\/strong> Natural.<\/p><p><strong>Notas<\/strong>: Colores rojos y viol\u00e1ceos intensos y brillantes.<\/p><p><strong>Datos t\u00e9cnicos:<\/strong> Alcohol: 12,60 % v\/v<\/p><p>\u00a0\u00a0\u00a0\u00a0\u00a0\u00a0\u00a0\u00a0\u00a0\u00a0\u00a0\u00a0\u00a0\u00a0\u00a0\u00a0\u00a0\u00a0\u00a0\u00a0\u00a0\u00a0\u00a0\u00a0\u00a0\u00a0\u00a0\u00a0\u00a0 <strong>Azucares reductores:<\/strong> 14,00 grs\/litro.<\/p><p>\u00a0\u00a0\u00a0\u00a0\u00a0\u00a0\u00a0\u00a0\u00a0\u00a0\u00a0\u00a0\u00a0\u00a0\u00a0\u00a0\u00a0\u00a0\u00a0\u00a0\u00a0\u00a0\u00a0\u00a0\u00a0\u00a0\u00a0\u00a0\u00a0 <strong>Acidez total:<\/strong> 5,30 grs\/litro.<\/p><p>\u00a0\u00a0\u00a0\u00a0\u00a0\u00a0\u00a0\u00a0\u00a0\u00a0\u00a0\u00a0\u00a0\u00a0\u00a0\u00a0\u00a0\u00a0\u00a0\u00a0\u00a0\u00a0\u00a0\u00a0\u00a0\u00a0\u00a0\u00a0\u00a0 <strong>PH<\/strong>: 3,8<\/p><p><strong>Presentaci\u00f3n:<\/strong> Envase tetra brik multilaminado x 1 litro, con tapa a rosca.<\/p><p><strong>Packaging:<\/strong> Caja de 12 unidades x 1 litro.<\/p><p>Carga por pallet: 90 cajas de 12 unidades x 1 litro.<\/p>\t\t\t\t\t\t\t\t<\/div>\n\t\t\t\t<\/div>\n\t\t\t\t\t<\/div>\n\t\t<\/div>\n\t\t\t\t<div class=\"elementor-column elementor-col-33 elementor-top-column elementor-element elementor-element-5d4a0b3\" data-id=\"5d4a0b3\" data-element_type=\"column\" data-e-type=\"column\">\n\t\t\t<div class=\"elementor-widget-wrap\">\n\t\t\t\t\t\t\t<\/div>\n\t\t<\/div>\n\t\t\t\t\t<\/div>\n\t\t<\/section>\n\t\t\t\t<section class=\"elementor-section elementor-top-section elementor-element elementor-element-10bbc0e6 elementor-section-boxed elementor-section-height-default elementor-section-height-default\" data-id=\"10bbc0e6\" data-element_type=\"section\" data-e-type=\"section\">\n\t\t\t\t\t\t<div class=\"elementor-container elementor-column-gap-default\">\n\t\t\t\t\t<div class=\"elementor-column elementor-col-100 elementor-top-column elementor-element elementor-element-66d36e9\" data-id=\"66d36e9\" data-element_type=\"column\" data-e-type=\"column\">\n\t\t\t<div class=\"elementor-widget-wrap elementor-element-populated\">\n\t\t\t\t\t\t<div class=\"elementor-element elementor-element-5bec2745 elementor-widget elementor-widget-image\" data-id=\"5bec2745\" data-element_type=\"widget\" data-e-type=\"widget\" data-widget_type=\"image.default\">\n\t\t\t\t<div class=\"elementor-widget-container\">\n\t\t\t\t\t\t\t\t\t\t\t\t\t\t\t<img fetchpriority=\"high\" decoding=\"async\" width=\"600\" height=\"900\" src=\"https:\/\/bodegacarricondo.com.ar\/sitio\/wp-content\/uploads\/2018\/11\/PONCHO-BCO-TAPA.jpg\" class=\"attachment-large size-large wp-image-264\" alt=\"\" srcset=\"https:\/\/bodegacarricondo.com.ar\/sitio\/wp-content\/uploads\/2018\/11\/PONCHO-BCO-TAPA.jpg 600w, https:\/\/bodegacarricondo.com.ar\/sitio\/wp-content\/uploads\/2018\/11\/PONCHO-BCO-TAPA-200x300.jpg 200w\" sizes=\"(max-width: 600px) 100vw, 600px\" \/>\t\t\t\t\t\t\t\t\t\t\t\t\t\t\t<\/div>\n\t\t\t\t<\/div>\n\t\t\t\t\t<\/div>\n\t\t<\/div>\n\t\t\t\t\t<\/div>\n\t\t<\/section>\n\t\t\t\t<section class=\"elementor-section elementor-top-section elementor-element elementor-element-3ee3ccf4 elementor-section-boxed elementor-section-height-default elementor-section-height-default\" data-id=\"3ee3ccf4\" data-element_type=\"section\" data-e-type=\"section\">\n\t\t\t\t\t\t<div class=\"elementor-container elementor-column-gap-default\">\n\t\t\t\t\t<div class=\"elementor-column elementor-col-100 elementor-top-column elementor-element elementor-element-5c98d542\" data-id=\"5c98d542\" data-element_type=\"column\" data-e-type=\"column\">\n\t\t\t<div class=\"elementor-widget-wrap\">\n\t\t\t\t\t\t\t<\/div>\n\t\t<\/div>\n\t\t\t\t\t<\/div>\n\t\t<\/section>\n\t\t\t\t<\/div>\n\t\t","protected":false},"excerpt":{"rendered":"<p>PONCHO ARGENTINO | TINTO X 1L FICHA T\u00c9CNICA&nbsp; Procedencia de vi\u00f1edos del Valle Central, Mendoza, Argentina. Cosecha: manual. Durante los meses de&nbsp;&nbsp;&nbsp; Marzo y Abril. M\u00e9todo de fermentaci\u00f3n: Cl\u00e1sico, con 20 d\u00edas de maceraci\u00f3n con el ollejo de la uva, a una temperatura de 24 C\u00ba Fermentaci\u00f3n malol\u00e1ctica: Natural. Notas: Colores rojos y viol\u00e1ceos intensos [&hellip;]<\/p>\n","protected":false},"author":2,"featured_media":0,"parent":0,"menu_order":0,"comment_status":"closed","ping_status":"closed","template":"elementor_header_footer","meta":{"ocean_post_layout":"","ocean_both_sidebars_style":"","ocean_both_sidebars_content_width":0,"ocean_both_sidebars_sidebars_width":0,"ocean_sidebar":"0","ocean_second_sidebar":"0","ocean_disable_margins":"enable","ocean_add_body_class":"","ocean_shortcode_before_top_bar":"","ocean_shortcode_after_top_bar":"","ocean_shortcode_before_header":"","ocean_shortcode_after_header":"","ocean_has_shortcode":"","ocean_shortcode_after_title":"","ocean_shortcode_before_footer_widgets":"","ocean_shortcode_after_footer_widgets":"","ocean_shortcode_before_footer_bottom":"","ocean_shortcode_after_footer_bottom":"","ocean_display_top_bar":"off","ocean_display_header":"off","ocean_header_style":"","ocean_center_header_left_menu":"0","ocean_custom_header_template":"0","ocean_custom_logo":0,"ocean_custom_retina_logo":0,"ocean_custom_logo_max_width":0,"ocean_custom_logo_tablet_max_width":0,"ocean_custom_logo_mobile_max_width":0,"ocean_custom_logo_max_height":0,"ocean_custom_logo_tablet_max_height":0,"ocean_custom_logo_mobile_max_height":0,"ocean_header_custom_menu":"0","ocean_menu_typo_font_family":"0","ocean_menu_typo_font_subset":"","ocean_menu_typo_font_size":0,"ocean_menu_typo_font_size_tablet":0,"ocean_menu_typo_font_size_mobile":0,"ocean_menu_typo_font_size_unit":"px","ocean_menu_typo_font_weight":"","ocean_menu_typo_font_weight_tablet":"","ocean_menu_typo_font_weight_mobile":"","ocean_menu_typo_transform":"","ocean_menu_typo_transform_tablet":"","ocean_menu_typo_transform_mobile":"","ocean_menu_typo_line_height":0,"ocean_menu_typo_line_height_tablet":0,"ocean_menu_typo_line_height_mobile":0,"ocean_menu_typo_line_height_unit":"","ocean_menu_typo_spacing":0,"ocean_menu_typo_spacing_tablet":0,"ocean_menu_typo_spacing_mobile":0,"ocean_menu_typo_spacing_unit":"","ocean_menu_link_color":"","ocean_menu_link_color_hover":"","ocean_menu_link_color_active":"","ocean_menu_link_background":"","ocean_menu_link_hover_background":"","ocean_menu_link_active_background":"","ocean_menu_social_links_bg":"","ocean_menu_social_hover_links_bg":"","ocean_menu_social_links_color":"","ocean_menu_social_hover_links_color":"","ocean_disable_title":"on","ocean_disable_heading":"default","ocean_post_title":"","ocean_post_subheading":"","ocean_post_title_style":"","ocean_post_title_background_color":"","ocean_post_title_background":0,"ocean_post_title_bg_image_position":"","ocean_post_title_bg_image_attachment":"","ocean_post_title_bg_image_repeat":"","ocean_post_title_bg_image_size":"","ocean_post_title_height":0,"ocean_post_title_bg_overlay":0.5,"ocean_post_title_bg_overlay_color":"","ocean_disable_breadcrumbs":"default","ocean_breadcrumbs_color":"","ocean_breadcrumbs_separator_color":"","ocean_breadcrumbs_links_color":"","ocean_breadcrumbs_links_hover_color":"","ocean_display_footer_widgets":"default","ocean_display_footer_bottom":"default","ocean_custom_footer_template":"0","footnotes":""},"class_list":["post-482","page","type-page","status-publish","hentry","entry"],"_links":{"self":[{"href":"https:\/\/bodegacarricondo.com.ar\/sitio\/wp-json\/wp\/v2\/pages\/482","targetHints":{"allow":["GET"]}}],"collection":[{"href":"https:\/\/bodegacarricondo.com.ar\/sitio\/wp-json\/wp\/v2\/pages"}],"about":[{"href":"https:\/\/bodegacarricondo.com.ar\/sitio\/wp-json\/wp\/v2\/types\/page"}],"author":[{"embeddable":true,"href":"https:\/\/bodegacarricondo.com.ar\/sitio\/wp-json\/wp\/v2\/users\/2"}],"replies":[{"embeddable":true,"href":"https:\/\/bodegacarricondo.com.ar\/sitio\/wp-json\/wp\/v2\/comments?post=482"}],"version-history":[{"count":5,"href":"https:\/\/bodegacarricondo.com.ar\/sitio\/wp-json\/wp\/v2\/pages\/482\/revisions"}],"predecessor-version":[{"id":508,"href":"https:\/\/bodegacarricondo.com.ar\/sitio\/wp-json\/wp\/v2\/pages\/482\/revisions\/508"}],"wp:attachment":[{"href":"https:\/\/bodegacarricondo.com.ar\/sitio\/wp-json\/wp\/v2\/media?parent=482"}],"curies":[{"name":"wp","href":"https:\/\/api.w.org\/{rel}","templated":true}]}}